{"id":884,"date":"2026-02-02T19:16:10","date_gmt":"2026-02-02T19:16:10","guid":{"rendered":"https:\/\/objective-goldstine.92-205-21-127.plesk.page\/?page_id=884"},"modified":"2026-02-02T19:18:44","modified_gmt":"2026-02-02T19:18:44","slug":"sponsoren","status":"publish","type":"page","link":"https:\/\/objective-goldstine.92-205-21-127.plesk.page\/index.php\/sponsoren\/","title":{"rendered":"Sponsoren"},"content":{"rendered":"\t\t<div data-elementor-type=\"wp-page\" data-elementor-id=\"884\" class=\"elementor elementor-884\" data-elementor-post-type=\"page\">\n\t\t\t\t<div class=\"elementor-element elementor-element-5b3db33c e-con-full e-flex e-con e-parent\" data-id=\"5b3db33c\" data-element_type=\"container\" data-e-type=\"container\" data-settings=\"{&quot;background_background&quot;:&quot;classic&quot;}\">\n\t\t<div class=\"elementor-element elementor-element-363f74c4 e-flex e-con-boxed e-con e-child\" data-id=\"363f74c4\" data-element_type=\"container\" data-e-type=\"container\" data-settings=\"{&quot;background_background&quot;:&quot;classic&quot;}\">\n\t\t\t\t\t<div class=\"e-con-inner\">\n\t\t\t\t<div class=\"elementor-element elementor-element-7095bff6 elementor-align-center elementor-widget elementor-widget-breadcrumbs\" data-id=\"7095bff6\" data-element_type=\"widget\" data-e-type=\"widget\" data-widget_type=\"breadcrumbs.default\">\n\t\t\t\t\t<p id=\"breadcrumbs\"><span><span><a href=\"https:\/\/objective-goldstine.92-205-21-127.plesk.page\/\">Startseite<\/a><\/span><\/span><\/p>\t\t\t\t<\/div>\n\t\t\t\t<div class=\"elementor-element elementor-element-1f5474f1 elementor-widget elementor-widget-heading\" data-id=\"1f5474f1\" data-element_type=\"widget\" data-e-type=\"widget\" data-widget_type=\"heading.default\">\n\t\t\t\t\t<h1 class=\"elementor-heading-title elementor-size-default\">Sponsoren<\/h1>\t\t\t\t<\/div>\n\t\t\t\t<div class=\"elementor-element elementor-element-6002f4bc elementor-widget elementor-widget-text-editor\" data-id=\"6002f4bc\" data-element_type=\"widget\" data-e-type=\"widget\" data-widget_type=\"text-editor.default\">\n\t\t\t\t\t\t\t\t\t<p data-start=\"217\" data-end=\"411\">Ein herzliches Dankesch\u00f6n an unsere Sponsoren und Unterst\u00fctzer! Durch ihr Engagement erm\u00f6glichen sie wichtige Projekte und helfen dabei, unseren Verein lebendig zu halten.<\/p>\t\t\t\t\t\t\t\t<\/div>\n\t\t\t\t\t<\/div>\n\t\t\t\t<\/div>\n\t\t\t\t<\/div>\n\t\t<div class=\"elementor-element elementor-element-3a545696 e-flex e-con-boxed e-con e-parent\" data-id=\"3a545696\" data-element_type=\"container\" data-e-type=\"container\">\n\t\t\t\t\t<div class=\"e-con-inner\">\n\t\t\t\t<div class=\"elementor-element elementor-element-b7de42f elementor-widget elementor-widget-gallery\" data-id=\"b7de42f\" data-element_type=\"widget\" data-e-type=\"widget\" data-settings=\"{&quot;columns&quot;:3,&quot;gap&quot;:{&quot;unit&quot;:&quot;px&quot;,&quot;size&quot;:30,&quot;sizes&quot;:[]},&quot;aspect_ratio&quot;:&quot;1:1&quot;,&quot;lazyload&quot;:&quot;yes&quot;,&quot;gallery_layout&quot;:&quot;grid&quot;,&quot;columns_tablet&quot;:2,&quot;columns_mobile&quot;:1,&quot;gap_tablet&quot;:{&quot;unit&quot;:&quot;px&quot;,&quot;size&quot;:10,&quot;sizes&quot;:[]},&quot;gap_mobile&quot;:{&quot;unit&quot;:&quot;px&quot;,&quot;size&quot;:10,&quot;sizes&quot;:[]},&quot;link_to&quot;:&quot;file&quot;,&quot;overlay_background&quot;:&quot;yes&quot;,&quot;content_hover_animation&quot;:&quot;fade-in&quot;}\" data-widget_type=\"gallery.default\">\n\t\t\t\t\t\t\t<div class=\"elementor-gallery__container\">\n\t\t\t\t\t\t\t<a class=\"e-gallery-item elementor-gallery-item elementor-animated-content\" href=\"https:\/\/objective-goldstine.92-205-21-127.plesk.page\/wp-content\/uploads\/2025\/10\/TSV-Ottenstein-Logo-Hintergrund-Rot.png\" data-elementor-open-lightbox=\"yes\" data-elementor-lightbox-slideshow=\"b7de42f\" data-elementor-lightbox-title=\"TSV-Ottenstein-Logo-Hintergrund-Rot\" data-e-action-hash=\"#elementor-action%3Aaction%3Dlightbox%26settings%3DeyJpZCI6NTI5LCJ1cmwiOiJodHRwczpcL1wvb2JqZWN0aXZlLWdvbGRzdGluZS45Mi0yMDUtMjEtMTI3LnBsZXNrLnBhZ2VcL3dwLWNvbnRlbnRcL3VwbG9hZHNcLzIwMjVcLzEwXC9UU1YtT3R0ZW5zdGVpbi1Mb2dvLUhpbnRlcmdydW5kLVJvdC5wbmciLCJzbGlkZXNob3ciOiJiN2RlNDJmIn0%3D\">\n\t\t\t\t\t<div class=\"e-gallery-image elementor-gallery-item__image\" data-thumbnail=\"https:\/\/objective-goldstine.92-205-21-127.plesk.page\/wp-content\/uploads\/2025\/10\/TSV-Ottenstein-Logo-Hintergrund-Rot-295x300.png\" data-width=\"295\" data-height=\"300\" aria-label=\"\" role=\"img\" ><\/div>\n\t\t\t\t\t\t\t\t\t\t\t<div class=\"elementor-gallery-item__overlay\"><\/div>\n\t\t\t\t\t\t\t\t\t\t\t\t\t\t<\/a>\n\t\t\t\t\t\t\t<a class=\"e-gallery-item elementor-gallery-item elementor-animated-content\" href=\"https:\/\/objective-goldstine.92-205-21-127.plesk.page\/wp-content\/uploads\/2025\/10\/TSV-Ottenstein-Logo.png\" data-elementor-open-lightbox=\"yes\" data-elementor-lightbox-slideshow=\"b7de42f\" data-elementor-lightbox-title=\"TSV-Ottenstein-Logo\" data-e-action-hash=\"#elementor-action%3Aaction%3Dlightbox%26settings%3DeyJpZCI6MjIsInVybCI6Imh0dHBzOlwvXC9vYmplY3RpdmUtZ29sZHN0aW5lLjkyLTIwNS0yMS0xMjcucGxlc2sucGFnZVwvd3AtY29udGVudFwvdXBsb2Fkc1wvMjAyNVwvMTBcL1RTVi1PdHRlbnN0ZWluLUxvZ28ucG5nIiwic2xpZGVzaG93IjoiYjdkZTQyZiJ9\">\n\t\t\t\t\t<div class=\"e-gallery-image elementor-gallery-item__image\" data-thumbnail=\"https:\/\/objective-goldstine.92-205-21-127.plesk.page\/wp-content\/uploads\/2025\/10\/TSV-Ottenstein-Logo-300x300.png\" data-width=\"300\" data-height=\"300\" aria-label=\"\" role=\"img\" ><\/div>\n\t\t\t\t\t\t\t\t\t\t\t<div class=\"elementor-gallery-item__overlay\"><\/div>\n\t\t\t\t\t\t\t\t\t\t\t\t\t\t<\/a>\n\t\t\t\t\t\t\t<a class=\"e-gallery-item elementor-gallery-item elementor-animated-content\" href=\"https:\/\/objective-goldstine.92-205-21-127.plesk.page\/wp-content\/uploads\/2025\/10\/TSV-Ottenstein-Favicon.png\" data-elementor-open-lightbox=\"yes\" data-elementor-lightbox-slideshow=\"b7de42f\" data-elementor-lightbox-title=\"TSV-Ottenstein-Favicon\" data-e-action-hash=\"#elementor-action%3Aaction%3Dlightbox%26settings%3DeyJpZCI6MjMsInVybCI6Imh0dHBzOlwvXC9vYmplY3RpdmUtZ29sZHN0aW5lLjkyLTIwNS0yMS0xMjcucGxlc2sucGFnZVwvd3AtY29udGVudFwvdXBsb2Fkc1wvMjAyNVwvMTBcL1RTVi1PdHRlbnN0ZWluLUZhdmljb24ucG5nIiwic2xpZGVzaG93IjoiYjdkZTQyZiJ9\">\n\t\t\t\t\t<div class=\"e-gallery-image elementor-gallery-item__image\" data-thumbnail=\"https:\/\/objective-goldstine.92-205-21-127.plesk.page\/wp-content\/uploads\/2025\/10\/TSV-Ottenstein-Favicon-300x300.png\" data-width=\"300\" data-height=\"300\" aria-label=\"\" role=\"img\" ><\/div>\n\t\t\t\t\t\t\t\t\t\t\t<div class=\"elementor-gallery-item__overlay\"><\/div>\n\t\t\t\t\t\t\t\t\t\t\t\t\t\t<\/a>\n\t\t\t\t\t<\/div>\n\t\t\t\t\t<\/div>\n\t\t\t\t\t<\/div>\n\t\t\t\t<\/div>\n\t\t\t\t<\/div>\n\t\t","protected":false},"excerpt":{"rendered":"<p>Sponsoren Ein herzliches Dankesch\u00f6n an unsere Sponsoren und Unterst\u00fctzer! Durch ihr Engagement erm\u00f6glichen sie wichtige Projekte und helfen dabei, unseren Verein lebendig zu halten.<\/p>\n","protected":false},"author":1,"featured_media":0,"parent":0,"menu_order":0,"comment_status":"closed","ping_status":"closed","template":"","meta":{"_acf_changed":false,"_EventAllDay":false,"_EventTimezone":"","_EventStartDate":"","_EventEndDate":"","_EventStartDateUTC":"","_EventEndDateUTC":"","_EventShowMap":false,"_EventShowMapLink":false,"_EventURL":"","_EventCost":"","_EventCostDescription":"","_EventCurrencySymbol":"","_EventCurrencyCode":"","_EventCurrencyPosition":"","_EventDateTimeSeparator":"","_EventTimeRangeSeparator":"","_EventOrganizerID":[],"_EventVenueID":[],"_OrganizerEmail":"","_OrganizerPhone":"","_OrganizerWebsite":"","_VenueAddress":"","_VenueCity":"","_VenueCountry":"","_VenueProvince":"","_VenueState":"","_VenueZip":"","_VenuePhone":"","_VenueURL":"","_VenueStateProvince":"","_VenueLat":"","_VenueLng":"","_VenueShowMap":false,"_VenueShowMapLink":false,"footnotes":""},"class_list":["post-884","page","type-page","status-publish","hentry"],"acf":[],"yoast_head":"<!-- This site is optimized with the Yoast SEO plugin v27.2 - https:\/\/yoast.com\/product\/yoast-seo-wordpress\/ -->\n<title>Sponsoren - TSV Ottenstein e.V.<\/title>\n<meta name=\"robots\" content=\"noindex, follow, max-snippet:-1, max-image-preview:large, max-video-preview:-1\" \/>\n<meta property=\"og:locale\" content=\"de_DE\" \/>\n<meta property=\"og:type\" content=\"article\" \/>\n<meta property=\"og:title\" content=\"Sponsoren - TSV Ottenstein e.V.\" \/>\n<meta property=\"og:description\" content=\"Sponsoren Ein herzliches Dankesch\u00f6n an unsere Sponsoren und Unterst\u00fctzer! Durch ihr Engagement erm\u00f6glichen sie wichtige Projekte und helfen dabei, unseren Verein lebendig zu halten.\" \/>\n<meta property=\"og:url\" content=\"https:\/\/objective-goldstine.92-205-21-127.plesk.page\/index.php\/sponsoren\/\" \/>\n<meta property=\"og:site_name\" content=\"TSV Ottenstein e.V.\" \/>\n<meta property=\"article:modified_time\" content=\"2026-02-02T19:18:44+00:00\" \/>\n<meta name=\"twitter:card\" content=\"summary_large_image\" \/>\n<meta name=\"twitter:label1\" content=\"Gesch\u00e4tzte Lesezeit\" \/>\n\t<meta name=\"twitter:data1\" content=\"1\u00a0Minute\" \/>\n<script type=\"application\/ld+json\" class=\"yoast-schema-graph\">{\"@context\":\"https:\/\/schema.org\",\"@graph\":[{\"@type\":\"WebPage\",\"@id\":\"https:\/\/objective-goldstine.92-205-21-127.plesk.page\/index.php\/sponsoren\/\",\"url\":\"https:\/\/objective-goldstine.92-205-21-127.plesk.page\/index.php\/sponsoren\/\",\"name\":\"Sponsoren - TSV Ottenstein e.V.\",\"isPartOf\":{\"@id\":\"https:\/\/objective-goldstine.92-205-21-127.plesk.page\/#website\"},\"datePublished\":\"2026-02-02T19:16:10+00:00\",\"dateModified\":\"2026-02-02T19:18:44+00:00\",\"breadcrumb\":{\"@id\":\"https:\/\/objective-goldstine.92-205-21-127.plesk.page\/index.php\/sponsoren\/#breadcrumb\"},\"inLanguage\":\"de\",\"potentialAction\":[{\"@type\":\"ReadAction\",\"target\":[\"https:\/\/objective-goldstine.92-205-21-127.plesk.page\/index.php\/sponsoren\/\"]}]},{\"@type\":\"BreadcrumbList\",\"@id\":\"https:\/\/objective-goldstine.92-205-21-127.plesk.page\/index.php\/sponsoren\/#breadcrumb\",\"itemListElement\":[{\"@type\":\"ListItem\",\"position\":1,\"name\":\"Startseite\",\"item\":\"https:\/\/objective-goldstine.92-205-21-127.plesk.page\/\"},{\"@type\":\"ListItem\",\"position\":2,\"name\":\"Sponsoren\"}]},{\"@type\":\"WebSite\",\"@id\":\"https:\/\/objective-goldstine.92-205-21-127.plesk.page\/#website\",\"url\":\"https:\/\/objective-goldstine.92-205-21-127.plesk.page\/\",\"name\":\"TSV Ottenstein e.V.\",\"description\":\"Sport aus Leidenschaft \u2013 seit 1909 aktiv im Weserbergland\",\"publisher\":{\"@id\":\"https:\/\/objective-goldstine.92-205-21-127.plesk.page\/#organization\"},\"potentialAction\":[{\"@type\":\"SearchAction\",\"target\":{\"@type\":\"EntryPoint\",\"urlTemplate\":\"https:\/\/objective-goldstine.92-205-21-127.plesk.page\/?s={search_term_string}\"},\"query-input\":{\"@type\":\"PropertyValueSpecification\",\"valueRequired\":true,\"valueName\":\"search_term_string\"}}],\"inLanguage\":\"de\"},{\"@type\":\"Organization\",\"@id\":\"https:\/\/objective-goldstine.92-205-21-127.plesk.page\/#organization\",\"name\":\"TSV Ottenstein e.V.\",\"url\":\"https:\/\/objective-goldstine.92-205-21-127.plesk.page\/\",\"logo\":{\"@type\":\"ImageObject\",\"inLanguage\":\"de\",\"@id\":\"https:\/\/objective-goldstine.92-205-21-127.plesk.page\/#\/schema\/logo\/image\/\",\"url\":\"https:\/\/objective-goldstine.92-205-21-127.plesk.page\/wp-content\/uploads\/2025\/10\/TSV-Ottenstein-Logo.png\",\"contentUrl\":\"https:\/\/objective-goldstine.92-205-21-127.plesk.page\/wp-content\/uploads\/2025\/10\/TSV-Ottenstein-Logo.png\",\"width\":1080,\"height\":1082,\"caption\":\"TSV Ottenstein e.V.\"},\"image\":{\"@id\":\"https:\/\/objective-goldstine.92-205-21-127.plesk.page\/#\/schema\/logo\/image\/\"}}]}<\/script>\n<!-- \/ Yoast SEO plugin. -->","yoast_head_json":{"title":"Sponsoren - TSV Ottenstein e.V.","robots":{"index":"noindex","follow":"follow","max-snippet":"max-snippet:-1","max-image-preview":"max-image-preview:large","max-video-preview":"max-video-preview:-1"},"og_locale":"de_DE","og_type":"article","og_title":"Sponsoren - TSV Ottenstein e.V.","og_description":"Sponsoren Ein herzliches Dankesch\u00f6n an unsere Sponsoren und Unterst\u00fctzer! Durch ihr Engagement erm\u00f6glichen sie wichtige Projekte und helfen dabei, unseren Verein lebendig zu halten.","og_url":"https:\/\/objective-goldstine.92-205-21-127.plesk.page\/index.php\/sponsoren\/","og_site_name":"TSV Ottenstein e.V.","article_modified_time":"2026-02-02T19:18:44+00:00","twitter_card":"summary_large_image","twitter_misc":{"Gesch\u00e4tzte Lesezeit":"1\u00a0Minute"},"schema":{"@context":"https:\/\/schema.org","@graph":[{"@type":"WebPage","@id":"https:\/\/objective-goldstine.92-205-21-127.plesk.page\/index.php\/sponsoren\/","url":"https:\/\/objective-goldstine.92-205-21-127.plesk.page\/index.php\/sponsoren\/","name":"Sponsoren - TSV Ottenstein e.V.","isPartOf":{"@id":"https:\/\/objective-goldstine.92-205-21-127.plesk.page\/#website"},"datePublished":"2026-02-02T19:16:10+00:00","dateModified":"2026-02-02T19:18:44+00:00","breadcrumb":{"@id":"https:\/\/objective-goldstine.92-205-21-127.plesk.page\/index.php\/sponsoren\/#breadcrumb"},"inLanguage":"de","potentialAction":[{"@type":"ReadAction","target":["https:\/\/objective-goldstine.92-205-21-127.plesk.page\/index.php\/sponsoren\/"]}]},{"@type":"BreadcrumbList","@id":"https:\/\/objective-goldstine.92-205-21-127.plesk.page\/index.php\/sponsoren\/#breadcrumb","itemListElement":[{"@type":"ListItem","position":1,"name":"Startseite","item":"https:\/\/objective-goldstine.92-205-21-127.plesk.page\/"},{"@type":"ListItem","position":2,"name":"Sponsoren"}]},{"@type":"WebSite","@id":"https:\/\/objective-goldstine.92-205-21-127.plesk.page\/#website","url":"https:\/\/objective-goldstine.92-205-21-127.plesk.page\/","name":"TSV Ottenstein e.V.","description":"Sport aus Leidenschaft \u2013 seit 1909 aktiv im Weserbergland","publisher":{"@id":"https:\/\/objective-goldstine.92-205-21-127.plesk.page\/#organization"},"potentialAction":[{"@type":"SearchAction","target":{"@type":"EntryPoint","urlTemplate":"https:\/\/objective-goldstine.92-205-21-127.plesk.page\/?s={search_term_string}"},"query-input":{"@type":"PropertyValueSpecification","valueRequired":true,"valueName":"search_term_string"}}],"inLanguage":"de"},{"@type":"Organization","@id":"https:\/\/objective-goldstine.92-205-21-127.plesk.page\/#organization","name":"TSV Ottenstein e.V.","url":"https:\/\/objective-goldstine.92-205-21-127.plesk.page\/","logo":{"@type":"ImageObject","inLanguage":"de","@id":"https:\/\/objective-goldstine.92-205-21-127.plesk.page\/#\/schema\/logo\/image\/","url":"https:\/\/objective-goldstine.92-205-21-127.plesk.page\/wp-content\/uploads\/2025\/10\/TSV-Ottenstein-Logo.png","contentUrl":"https:\/\/objective-goldstine.92-205-21-127.plesk.page\/wp-content\/uploads\/2025\/10\/TSV-Ottenstein-Logo.png","width":1080,"height":1082,"caption":"TSV Ottenstein e.V."},"image":{"@id":"https:\/\/objective-goldstine.92-205-21-127.plesk.page\/#\/schema\/logo\/image\/"}}]}},"_links":{"self":[{"href":"https:\/\/objective-goldstine.92-205-21-127.plesk.page\/index.php\/wp-json\/wp\/v2\/pages\/884","targetHints":{"allow":["GET"]}}],"collection":[{"href":"https:\/\/objective-goldstine.92-205-21-127.plesk.page\/index.php\/wp-json\/wp\/v2\/pages"}],"about":[{"href":"https:\/\/objective-goldstine.92-205-21-127.plesk.page\/index.php\/wp-json\/wp\/v2\/types\/page"}],"author":[{"embeddable":true,"href":"https:\/\/objective-goldstine.92-205-21-127.plesk.page\/index.php\/wp-json\/wp\/v2\/users\/1"}],"replies":[{"embeddable":true,"href":"https:\/\/objective-goldstine.92-205-21-127.plesk.page\/index.php\/wp-json\/wp\/v2\/comments?post=884"}],"version-history":[{"count":4,"href":"https:\/\/objective-goldstine.92-205-21-127.plesk.page\/index.php\/wp-json\/wp\/v2\/pages\/884\/revisions"}],"predecessor-version":[{"id":889,"href":"https:\/\/objective-goldstine.92-205-21-127.plesk.page\/index.php\/wp-json\/wp\/v2\/pages\/884\/revisions\/889"}],"wp:attachment":[{"href":"https:\/\/objective-goldstine.92-205-21-127.plesk.page\/index.php\/wp-json\/wp\/v2\/media?parent=884"}],"curies":[{"name":"wp","href":"https:\/\/api.w.org\/{rel}","templated":true}]}}