{"id":892,"date":"2026-02-02T19:19:35","date_gmt":"2026-02-02T19:19:35","guid":{"rendered":"https:\/\/objective-goldstine.92-205-21-127.plesk.page\/?page_id=892"},"modified":"2026-02-02T19:23:51","modified_gmt":"2026-02-02T19:23:51","slug":"kontakt","status":"publish","type":"page","link":"https:\/\/objective-goldstine.92-205-21-127.plesk.page\/index.php\/kontakt\/","title":{"rendered":"Kontakt"},"content":{"rendered":"\t\t<div data-elementor-type=\"wp-page\" data-elementor-id=\"892\" class=\"elementor elementor-892\" data-elementor-post-type=\"page\">\n\t\t\t\t<div class=\"elementor-element elementor-element-709b3c66 e-con-full e-flex e-con e-parent\" data-id=\"709b3c66\" data-element_type=\"container\" data-e-type=\"container\" data-settings=\"{&quot;background_background&quot;:&quot;classic&quot;}\">\n\t\t<div class=\"elementor-element elementor-element-65567695 e-flex e-con-boxed e-con e-child\" data-id=\"65567695\" data-element_type=\"container\" data-e-type=\"container\" data-settings=\"{&quot;background_background&quot;:&quot;classic&quot;}\">\n\t\t\t\t\t<div class=\"e-con-inner\">\n\t\t\t\t<div class=\"elementor-element elementor-element-2ce41839 elementor-align-center elementor-widget elementor-widget-breadcrumbs\" data-id=\"2ce41839\" data-element_type=\"widget\" data-e-type=\"widget\" data-widget_type=\"breadcrumbs.default\">\n\t\t\t\t\t<p id=\"breadcrumbs\"><span><span><a href=\"https:\/\/objective-goldstine.92-205-21-127.plesk.page\/\">Startseite<\/a><\/span><\/span><\/p>\t\t\t\t<\/div>\n\t\t\t\t<div class=\"elementor-element elementor-element-56f00fff elementor-widget elementor-widget-heading\" data-id=\"56f00fff\" data-element_type=\"widget\" data-e-type=\"widget\" data-widget_type=\"heading.default\">\n\t\t\t\t\t<h1 class=\"elementor-heading-title elementor-size-default\">Kontakt<\/h1>\t\t\t\t<\/div>\n\t\t\t\t<div class=\"elementor-element elementor-element-12e64c86 elementor-widget elementor-widget-text-editor\" data-id=\"12e64c86\" data-element_type=\"widget\" data-e-type=\"widget\" data-widget_type=\"text-editor.default\">\n\t\t\t\t\t\t\t\t\t<p data-start=\"148\" data-end=\"253\">Du hast Fragen oder m\u00f6chtest mit uns sprechen? Schreib uns gern \u2013 wir melden uns schnellstm\u00f6glich zur\u00fcck.<\/p>\t\t\t\t\t\t\t\t<\/div>\n\t\t\t\t\t<\/div>\n\t\t\t\t<\/div>\n\t\t\t\t<\/div>\n\t\t<div class=\"elementor-element elementor-element-31d9f007 e-flex e-con-boxed e-con e-parent\" data-id=\"31d9f007\" data-element_type=\"container\" data-e-type=\"container\">\n\t\t\t\t\t<div class=\"e-con-inner\">\n\t\t\t\t<div class=\"elementor-element elementor-element-71eb679f fluent-form-widget-step-header-yes fluent-form-widget-step-progressbar-yes fluentform-widget-submit-button-custom elementor-widget elementor-widget-fluent-form-widget\" data-id=\"71eb679f\" data-element_type=\"widget\" data-e-type=\"widget\" data-widget_type=\"fluent-form-widget.default\">\n\t\t\t\t<div class=\"elementor-widget-container\">\n\t\t\t\t\t\n            <div class=\"fluentform-widget-wrapper fluentform-widget-align-default\">\n\n            \n            <div class='fluentform ff-default fluentform_wrapper_5 ffs_default_wrap'><form data-form_id=\"5\" id=\"fluentform_5\" class=\"frm-fluent-form fluent_form_5 ff-el-form-top ff_form_instance_5_1 ff-form-loading ffs_default\" data-form_instance=\"ff_form_instance_5_1\" method=\"POST\" ><fieldset  style=\"border: none!important;margin: 0!important;padding: 0!important;background-color: transparent!important;box-shadow: none!important;outline: none!important; min-inline-size: 100%;\">\n                    <legend class=\"ff_screen_reader_title\" style=\"display: block; margin: 0!important;padding: 0!important;height: 0!important;text-indent: -999999px;width: 0!important;overflow:hidden;\">Kontakt<\/legend><input type='hidden' name='__fluent_form_embded_post_id' value='892' \/><input type=\"hidden\" id=\"_fluentform_5_fluentformnonce\" name=\"_fluentform_5_fluentformnonce\" value=\"fe40dc6acb\" \/><input type=\"hidden\" name=\"_wp_http_referer\" value=\"\/index.php\/wp-json\/wp\/v2\/pages\/892\" \/><div data-type=\"name-element\" data-name=\"names\" class=\" ff-field_container ff-name-field-wrapper\" ><div class='ff-t-container'><div class='ff-t-cell '><div class='ff-el-group ff-el-form-top'><div class=\"ff-el-input--label ff-el-is-required asterisk-right\"><label for='ff_5_names_first_name_' id='label_ff_5_names_first_name_' >Vorname<\/label><\/div><div class='ff-el-input--content'><input type=\"text\" name=\"names[first_name]\" id=\"ff_5_names_first_name_\" class=\"ff-el-form-control\" placeholder=\"Max\" aria-invalid=\"false\" aria-required=true><\/div><\/div><\/div><div class='ff-t-cell '><div class='ff-el-group ff-el-form-top'><div class=\"ff-el-input--label ff-el-is-required asterisk-right\"><label for='ff_5_names_last_name_' id='label_ff_5_names_last_name_' >Nachname<\/label><\/div><div class='ff-el-input--content'><input type=\"text\" name=\"names[last_name]\" id=\"ff_5_names_last_name_\" class=\"ff-el-form-control\" placeholder=\"Mustermann\" aria-invalid=\"false\" aria-required=true><\/div><\/div><\/div><\/div><\/div><div class='ff-el-group'><div class=\"ff-el-input--label ff-el-is-required asterisk-right\"><label for='ff_5_email' id='label_ff_5_email' aria-label=\"E-Mail-Adresse\">E-Mail-Adresse<\/label><\/div><div class='ff-el-input--content'><input type=\"email\" name=\"email\" id=\"ff_5_email\" class=\"ff-el-form-control\" placeholder=\"max.mustermann@email.de\" data-name=\"email\"  aria-invalid=\"false\" aria-required=true><\/div><\/div><div class='ff-el-group'><div class=\"ff-el-input--label asterisk-right\"><label for='ff_5_phone' id='label_ff_5_phone' aria-label=\"Telefon (optional)\">Telefon (optional)<\/label><\/div><div class='ff-el-input--content'><input name=\"phone\" class=\"ff-el-form-control ff-el-phone\" type=\"tel\" placeholder=\"05158 123456\" data-name=\"phone\" id=\"ff_5_phone\" inputmode=\"tel\"  aria-invalid='false' aria-required=false><\/div><\/div><div class='ff-el-group'><div class=\"ff-el-input--label ff-el-is-required asterisk-right\"><label for='ff_5_description' id='label_ff_5_description' aria-label=\"Deine Nachricht\">Deine Nachricht<\/label><\/div><div class='ff-el-input--content'><textarea aria-required=\"true\" aria-labelledby=\"label_ff_5_description\" name=\"description\" id=\"ff_5_description\" class=\"ff-el-form-control\" placeholder=\"Nachricht hier eingeben ...\" rows=\"3\" cols=\"2\" data-name=\"description\" ><\/textarea><\/div><\/div><div class='ff-el-group    ff-el-input--content'><div class='ff-el-form-check ff-el-tc'><label aria-label='Terms and Conditions: Ich habe die Datenschutzerkl\u00e4rung des TSV Ottenstein e. V. gelesen und bin damit einverstanden, dass meine Daten zur Beantwortung meiner Anfrage verarbeitet werden. Contains 1 link. Use tab navigation to review.' class='ff-el-form-check-label ff_tc_label' for=gdpr-agreement_df276136947d5b3914c251a007b5b776><span class='ff_tc_checkbox'><input type=\"checkbox\" name=\"gdpr-agreement\" class=\"ff-el-form-check-input ff_gdpr_field\" data-name=\"gdpr-agreement\" id=\"gdpr-agreement_df276136947d5b3914c251a007b5b776\"  value='on' aria-invalid='false' aria-required=true><\/span> <div class='ff_t_c'>Ich habe die <a href=\"\/datenschutz\/ target=\" rel=\"noopener\" target=\"_blank\">Datenschutzerkl\u00e4rung<\/a> des TSV Ottenstein e. V. gelesen und bin damit einverstanden, dass meine Daten zur Beantwortung meiner Anfrage verarbeitet werden.<\/div><\/label><\/div><\/div><div class='ff-el-group ff-text-left ff_submit_btn_wrapper'><button type=\"submit\" class=\"ff-btn ff-btn-submit ff-btn-md ff_btn_style\"  aria-label=\"Nachricht absenden\">Nachricht absenden<\/button><\/div><\/fieldset><\/form><div id='fluentform_5_errors' class='ff-errors-in-stack ff_form_instance_5_1 ff-form-loading_errors ff_form_instance_5_1_errors'><\/div><\/div>            <script type=\"text\/javascript\">\n                window.fluent_form_ff_form_instance_5_1 = {\"id\":\"5\",\"settings\":{\"layout\":{\"labelPlacement\":\"top\",\"asteriskPlacement\":\"asterisk-right\",\"helpMessagePlacement\":\"with_label\",\"errorMessagePlacement\":\"inline\",\"cssClassName\":\"\"},\"restrictions\":{\"denyEmptySubmission\":{\"enabled\":false}}},\"form_instance\":\"ff_form_instance_5_1\",\"form_id_selector\":\"fluentform_5\",\"rules\":{\"names[first_name]\":{\"required\":{\"value\":true,\"message\":\"Dieses Feld ist erforderlich\",\"global_message\":\"Dieses Feld ist erforderlich\",\"global\":true}},\"names[middle_name]\":{\"required\":{\"value\":false,\"message\":\"Dieses Feld ist erforderlich\",\"global_message\":\"Dieses Feld ist erforderlich\",\"global\":true}},\"names[last_name]\":{\"required\":{\"value\":true,\"message\":\"Dieses Feld ist erforderlich\",\"global_message\":\"Dieses Feld ist erforderlich\",\"global\":true}},\"email\":{\"required\":{\"value\":true,\"message\":\"Dieses Feld ist erforderlich\",\"global_message\":\"Dieses Feld ist erforderlich\",\"global\":true},\"email\":{\"value\":true,\"message\":\"Dieses Feld muss eine g\\u00fcltige E-Mail-Adresse enthalten\",\"global_message\":\"Dieses Feld muss eine g\\u00fcltige E-Mail-Adresse enthalten\",\"global\":true}},\"phone\":{\"required\":{\"value\":false,\"global\":true,\"message\":\"Dieses Feld ist erforderlich\",\"global_message\":\"Dieses Feld ist erforderlich\"},\"valid_phone_number\":{\"value\":false,\"global\":true,\"message\":\"Telefonnummer ist ung\\u00fcltig\",\"global_message\":\"Telefonnummer ist ung\\u00fcltig\"}},\"description\":{\"required\":{\"value\":true,\"message\":\"Dieses Feld ist erforderlich\",\"global_message\":\"Dieses Feld ist erforderlich\",\"global\":true}},\"gdpr-agreement\":{\"required\":{\"value\":true,\"message\":\"Dieses Feld ist erforderlich\",\"global_message\":\"Dieses Feld ist erforderlich\",\"global\":true}}},\"debounce_time\":300};\n                            <\/script>\n                        <\/div>\n\n            \t\t\t\t<\/div>\n\t\t\t\t<\/div>\n\t\t\t\t\t<\/div>\n\t\t\t\t<\/div>\n\t\t\t\t<\/div>\n\t\t","protected":false},"excerpt":{"rendered":"<p>Kontakt Du hast Fragen oder m\u00f6chtest mit uns sprechen? Schreib uns gern \u2013 wir melden uns schnellstm\u00f6glich zur\u00fcck. Kontakt VornameNachnameE-Mail-AdresseTelefon (optional)Deine Nachricht Ich habe die Datenschutzerkl\u00e4rung des TSV Ottenstein e. [&hellip;]<\/p>\n","protected":false},"author":1,"featured_media":0,"parent":0,"menu_order":0,"comment_status":"closed","ping_status":"closed","template":"","meta":{"_acf_changed":false,"_EventAllDay":false,"_EventTimezone":"","_EventStartDate":"","_EventEndDate":"","_EventStartDateUTC":"","_EventEndDateUTC":"","_EventShowMap":false,"_EventShowMapLink":false,"_EventURL":"","_EventCost":"","_EventCostDescription":"","_EventCurrencySymbol":"","_EventCurrencyCode":"","_EventCurrencyPosition":"","_EventDateTimeSeparator":"","_EventTimeRangeSeparator":"","_EventOrganizerID":[],"_EventVenueID":[],"_OrganizerEmail":"","_OrganizerPhone":"","_OrganizerWebsite":"","_VenueAddress":"","_VenueCity":"","_VenueCountry":"","_VenueProvince":"","_VenueState":"","_VenueZip":"","_VenuePhone":"","_VenueURL":"","_VenueStateProvince":"","_VenueLat":"","_VenueLng":"","_VenueShowMap":false,"_VenueShowMapLink":false,"footnotes":""},"class_list":["post-892","page","type-page","status-publish","hentry"],"acf":[],"yoast_head":"<!-- This site is optimized with the Yoast SEO plugin v27.2 - https:\/\/yoast.com\/product\/yoast-seo-wordpress\/ -->\n<title>Kontakt - TSV Ottenstein e.V.<\/title>\n<meta name=\"robots\" content=\"noindex, follow, max-snippet:-1, max-image-preview:large, max-video-preview:-1\" \/>\n<meta property=\"og:locale\" content=\"de_DE\" \/>\n<meta property=\"og:type\" content=\"article\" \/>\n<meta property=\"og:title\" content=\"Kontakt - TSV Ottenstein e.V.\" \/>\n<meta property=\"og:description\" content=\"Kontakt Du hast Fragen oder m\u00f6chtest mit uns sprechen? Schreib uns gern \u2013 wir melden uns schnellstm\u00f6glich zur\u00fcck. Kontakt VornameNachnameE-Mail-AdresseTelefon (optional)Deine Nachricht Ich habe die Datenschutzerkl\u00e4rung des TSV Ottenstein e. [&hellip;]\" \/>\n<meta property=\"og:url\" content=\"https:\/\/objective-goldstine.92-205-21-127.plesk.page\/index.php\/kontakt\/\" \/>\n<meta property=\"og:site_name\" content=\"TSV Ottenstein e.V.\" \/>\n<meta property=\"article:modified_time\" content=\"2026-02-02T19:23:51+00:00\" \/>\n<meta name=\"twitter:card\" content=\"summary_large_image\" \/>\n<meta name=\"twitter:label1\" content=\"Gesch\u00e4tzte Lesezeit\" \/>\n\t<meta name=\"twitter:data1\" content=\"2\u00a0Minuten\" \/>\n<script type=\"application\/ld+json\" class=\"yoast-schema-graph\">{\"@context\":\"https:\/\/schema.org\",\"@graph\":[{\"@type\":\"WebPage\",\"@id\":\"https:\/\/objective-goldstine.92-205-21-127.plesk.page\/index.php\/kontakt\/\",\"url\":\"https:\/\/objective-goldstine.92-205-21-127.plesk.page\/index.php\/kontakt\/\",\"name\":\"Kontakt - TSV Ottenstein e.V.\",\"isPartOf\":{\"@id\":\"https:\/\/objective-goldstine.92-205-21-127.plesk.page\/#website\"},\"datePublished\":\"2026-02-02T19:19:35+00:00\",\"dateModified\":\"2026-02-02T19:23:51+00:00\",\"breadcrumb\":{\"@id\":\"https:\/\/objective-goldstine.92-205-21-127.plesk.page\/index.php\/kontakt\/#breadcrumb\"},\"inLanguage\":\"de\",\"potentialAction\":[{\"@type\":\"ReadAction\",\"target\":[\"https:\/\/objective-goldstine.92-205-21-127.plesk.page\/index.php\/kontakt\/\"]}]},{\"@type\":\"BreadcrumbList\",\"@id\":\"https:\/\/objective-goldstine.92-205-21-127.plesk.page\/index.php\/kontakt\/#breadcrumb\",\"itemListElement\":[{\"@type\":\"ListItem\",\"position\":1,\"name\":\"Startseite\",\"item\":\"https:\/\/objective-goldstine.92-205-21-127.plesk.page\/\"},{\"@type\":\"ListItem\",\"position\":2,\"name\":\"Kontakt\"}]},{\"@type\":\"WebSite\",\"@id\":\"https:\/\/objective-goldstine.92-205-21-127.plesk.page\/#website\",\"url\":\"https:\/\/objective-goldstine.92-205-21-127.plesk.page\/\",\"name\":\"TSV Ottenstein e.V.\",\"description\":\"Sport aus Leidenschaft \u2013 seit 1909 aktiv im Weserbergland\",\"publisher\":{\"@id\":\"https:\/\/objective-goldstine.92-205-21-127.plesk.page\/#organization\"},\"potentialAction\":[{\"@type\":\"SearchAction\",\"target\":{\"@type\":\"EntryPoint\",\"urlTemplate\":\"https:\/\/objective-goldstine.92-205-21-127.plesk.page\/?s={search_term_string}\"},\"query-input\":{\"@type\":\"PropertyValueSpecification\",\"valueRequired\":true,\"valueName\":\"search_term_string\"}}],\"inLanguage\":\"de\"},{\"@type\":\"Organization\",\"@id\":\"https:\/\/objective-goldstine.92-205-21-127.plesk.page\/#organization\",\"name\":\"TSV Ottenstein e.V.\",\"url\":\"https:\/\/objective-goldstine.92-205-21-127.plesk.page\/\",\"logo\":{\"@type\":\"ImageObject\",\"inLanguage\":\"de\",\"@id\":\"https:\/\/objective-goldstine.92-205-21-127.plesk.page\/#\/schema\/logo\/image\/\",\"url\":\"https:\/\/objective-goldstine.92-205-21-127.plesk.page\/wp-content\/uploads\/2025\/10\/TSV-Ottenstein-Logo.png\",\"contentUrl\":\"https:\/\/objective-goldstine.92-205-21-127.plesk.page\/wp-content\/uploads\/2025\/10\/TSV-Ottenstein-Logo.png\",\"width\":1080,\"height\":1082,\"caption\":\"TSV Ottenstein e.V.\"},\"image\":{\"@id\":\"https:\/\/objective-goldstine.92-205-21-127.plesk.page\/#\/schema\/logo\/image\/\"}}]}<\/script>\n<!-- \/ Yoast SEO plugin. -->","yoast_head_json":{"title":"Kontakt - TSV Ottenstein e.V.","robots":{"index":"noindex","follow":"follow","max-snippet":"max-snippet:-1","max-image-preview":"max-image-preview:large","max-video-preview":"max-video-preview:-1"},"og_locale":"de_DE","og_type":"article","og_title":"Kontakt - TSV Ottenstein e.V.","og_description":"Kontakt Du hast Fragen oder m\u00f6chtest mit uns sprechen? Schreib uns gern \u2013 wir melden uns schnellstm\u00f6glich zur\u00fcck. Kontakt VornameNachnameE-Mail-AdresseTelefon (optional)Deine Nachricht Ich habe die Datenschutzerkl\u00e4rung des TSV Ottenstein e. [&hellip;]","og_url":"https:\/\/objective-goldstine.92-205-21-127.plesk.page\/index.php\/kontakt\/","og_site_name":"TSV Ottenstein e.V.","article_modified_time":"2026-02-02T19:23:51+00:00","twitter_card":"summary_large_image","twitter_misc":{"Gesch\u00e4tzte Lesezeit":"2\u00a0Minuten"},"schema":{"@context":"https:\/\/schema.org","@graph":[{"@type":"WebPage","@id":"https:\/\/objective-goldstine.92-205-21-127.plesk.page\/index.php\/kontakt\/","url":"https:\/\/objective-goldstine.92-205-21-127.plesk.page\/index.php\/kontakt\/","name":"Kontakt - TSV Ottenstein e.V.","isPartOf":{"@id":"https:\/\/objective-goldstine.92-205-21-127.plesk.page\/#website"},"datePublished":"2026-02-02T19:19:35+00:00","dateModified":"2026-02-02T19:23:51+00:00","breadcrumb":{"@id":"https:\/\/objective-goldstine.92-205-21-127.plesk.page\/index.php\/kontakt\/#breadcrumb"},"inLanguage":"de","potentialAction":[{"@type":"ReadAction","target":["https:\/\/objective-goldstine.92-205-21-127.plesk.page\/index.php\/kontakt\/"]}]},{"@type":"BreadcrumbList","@id":"https:\/\/objective-goldstine.92-205-21-127.plesk.page\/index.php\/kontakt\/#breadcrumb","itemListElement":[{"@type":"ListItem","position":1,"name":"Startseite","item":"https:\/\/objective-goldstine.92-205-21-127.plesk.page\/"},{"@type":"ListItem","position":2,"name":"Kontakt"}]},{"@type":"WebSite","@id":"https:\/\/objective-goldstine.92-205-21-127.plesk.page\/#website","url":"https:\/\/objective-goldstine.92-205-21-127.plesk.page\/","name":"TSV Ottenstein e.V.","description":"Sport aus Leidenschaft \u2013 seit 1909 aktiv im Weserbergland","publisher":{"@id":"https:\/\/objective-goldstine.92-205-21-127.plesk.page\/#organization"},"potentialAction":[{"@type":"SearchAction","target":{"@type":"EntryPoint","urlTemplate":"https:\/\/objective-goldstine.92-205-21-127.plesk.page\/?s={search_term_string}"},"query-input":{"@type":"PropertyValueSpecification","valueRequired":true,"valueName":"search_term_string"}}],"inLanguage":"de"},{"@type":"Organization","@id":"https:\/\/objective-goldstine.92-205-21-127.plesk.page\/#organization","name":"TSV Ottenstein e.V.","url":"https:\/\/objective-goldstine.92-205-21-127.plesk.page\/","logo":{"@type":"ImageObject","inLanguage":"de","@id":"https:\/\/objective-goldstine.92-205-21-127.plesk.page\/#\/schema\/logo\/image\/","url":"https:\/\/objective-goldstine.92-205-21-127.plesk.page\/wp-content\/uploads\/2025\/10\/TSV-Ottenstein-Logo.png","contentUrl":"https:\/\/objective-goldstine.92-205-21-127.plesk.page\/wp-content\/uploads\/2025\/10\/TSV-Ottenstein-Logo.png","width":1080,"height":1082,"caption":"TSV Ottenstein e.V."},"image":{"@id":"https:\/\/objective-goldstine.92-205-21-127.plesk.page\/#\/schema\/logo\/image\/"}}]}},"_links":{"self":[{"href":"https:\/\/objective-goldstine.92-205-21-127.plesk.page\/index.php\/wp-json\/wp\/v2\/pages\/892","targetHints":{"allow":["GET"]}}],"collection":[{"href":"https:\/\/objective-goldstine.92-205-21-127.plesk.page\/index.php\/wp-json\/wp\/v2\/pages"}],"about":[{"href":"https:\/\/objective-goldstine.92-205-21-127.plesk.page\/index.php\/wp-json\/wp\/v2\/types\/page"}],"author":[{"embeddable":true,"href":"https:\/\/objective-goldstine.92-205-21-127.plesk.page\/index.php\/wp-json\/wp\/v2\/users\/1"}],"replies":[{"embeddable":true,"href":"https:\/\/objective-goldstine.92-205-21-127.plesk.page\/index.php\/wp-json\/wp\/v2\/comments?post=892"}],"version-history":[{"count":7,"href":"https:\/\/objective-goldstine.92-205-21-127.plesk.page\/index.php\/wp-json\/wp\/v2\/pages\/892\/revisions"}],"predecessor-version":[{"id":902,"href":"https:\/\/objective-goldstine.92-205-21-127.plesk.page\/index.php\/wp-json\/wp\/v2\/pages\/892\/revisions\/902"}],"wp:attachment":[{"href":"https:\/\/objective-goldstine.92-205-21-127.plesk.page\/index.php\/wp-json\/wp\/v2\/media?parent=892"}],"curies":[{"name":"wp","href":"https:\/\/api.w.org\/{rel}","templated":true}]}}